{"id":31,"date":"2023-04-20T11:47:35","date_gmt":"2023-04-20T11:47:35","guid":{"rendered":"https:\/\/dummy.xtemos.com\/woodmart2\/furniture2-elementor\/?page_id=31"},"modified":"2025-04-22T11:40:05","modified_gmt":"2025-04-22T03:40:05","slug":"about-us","status":"publish","type":"page","link":"https:\/\/apuvan.towelrackcn.com\/de\/uber-uns\/","title":{"rendered":"\u00dcber uns"},"content":{"rendered":"<div data-elementor-type=\"wp-page\" data-elementor-id=\"31\" class=\"elementor elementor-31\">\n\t\t\t\t<div class=\"wd-negative-gap elementor-element elementor-element-331e15e e-grid e-con-boxed e-con e-parent\" data-id=\"331e15e\" data-element_type=\"container\" data-e-type=\"container\">\n\t\t\t\t\t<div class=\"e-con-inner\">\n\t\t\t\t<div class=\"elementor-element elementor-element-65d9623 wd-width-100 elementor-widget elementor-widget-wd_title\" data-id=\"65d9623\" data-element_type=\"widget\" data-e-type=\"widget\" data-widget_type=\"wd_title.default\">\n\t\t\t\t<div class=\"elementor-widget-container\">\n\t\t\t\t\t\t\t<div class=\"title-wrapper wd-set-mb reset-last-child wd-title-color-default wd-title-style-default wd-title-size-default text-left\">\n\n\t\t\t\n\t\t\t<div class=\"liner-continer\">\n\t\t\t\t<h4 class=\"woodmart-title-container title wd-fontsize-l\">\u00dcber APUVAN<\/h4> \n\t\t\t\t\t\t\t<\/div>\n\n\t\t\t\t\t\t\t<div class=\"title-after_title reset-last-child wd-fontsize-xs\">\n\t\t\t\t\t<p>Apuvan ist ein professioneller Hersteller von Sanit\u00e4rprodukten, der Entwicklung, Produktion, Vertrieb und Service vereint. Wir arbeiten unter einer Mission: \"Das Leben mit Wissenschaft und <a href=\"https:\/\/apuvan.towelrackcn.com\/de\/leitfaden-fur-beheizte-handtuchhalter\/\">Technologie<\/a>.\" Wir halten uns stets an die Ideen von Qualit\u00e4t, Gesundheit, Intelligenz, Ehrlichkeit, Effizienz und Innovation. Wir sind bestrebt, die f\u00fchrende Marke in der Branche aufzubauen und allen unseren Kunden Sorgfalt und W\u00e4rme zu bieten.<br \/>Die Innovationen und Produktkonzepte von Apuvan ber\u00fccksichtigen das Klima in verschiedenen Regionen und verschiedene Szenarien. Apuvan nutzt seine f\u00fchrende Technologie und seine Produktionskapazit\u00e4ten, um dem Verbraucher kontinuierlich komfortable, gesunde, sichere und \u00e4sthetische elektrische Handtuchw\u00e4rmer zu bieten.<br \/>Seit der Gr\u00fcndung von Apuvan und der Markteinf\u00fchrung unseres elektrischen Handtuchw\u00e4rmers sind unsere Marke und unsere Produkte schnell gewachsen und werden nun von vielen Kunden im In- und Ausland anerkannt, w\u00e4hrend wir bemerkenswerte Ergebnisse erzielen.<br \/>Apuvan wird die Entwicklung von hoher Qualit\u00e4t und Innovation beharrlich vorantreiben, die Entwicklung der Branche anf\u00fchren, sie weltweit f\u00f6rdern und die Lebensqualit\u00e4t unserer Kunden auf der ganzen Welt verbessern.<\/p>\t\t\t\t<\/div>\n\t\t\t\t\t<\/div>\n\t\t\t\t\t\t<\/div>\n\t\t\t\t<\/div>\n\t\t\t\t<div class=\"elementor-element elementor-element-4a486e5 elementor-widget elementor-widget-image\" data-id=\"4a486e5\" data-element_type=\"widget\" data-e-type=\"widget\" data-widget_type=\"image.default\">\n\t\t\t\t<div class=\"elementor-widget-container\">\n\t\t\t\t\t\t\t\t\t\t\t\t\t\t\t<img fetchpriority=\"high\" decoding=\"async\" width=\"1024\" height=\"906\" src=\"https:\/\/apuvan.towelrackcn.com\/wp-content\/uploads\/replace\/12cf50b6f16c50f1b5df56b7081e739d.jpeg\" class=\"attachment-large size-large wp-image-1913\" alt=\"\" title=\"\">\t\t\t\t\t\t\t\t\t\t\t\t\t\t\t<\/div>\n\t\t\t\t<\/div>\n\t\t\t\t<div class=\"elementor-element elementor-element-3c569ea elementor-widget elementor-widget-image\" data-id=\"3c569ea\" data-element_type=\"widget\" data-e-type=\"widget\" data-widget_type=\"image.default\">\n\t\t\t\t<div class=\"elementor-widget-container\">\n\t\t\t\t\t\t\t\t\t\t\t\t\t\t\t<img decoding=\"async\" width=\"1024\" height=\"906\" src=\"https:\/\/apuvan.towelrackcn.com\/wp-content\/uploads\/2024\/12\/APUVAN-BANNER-5-1024x906.webp\" class=\"attachment-large size-large wp-image-1699\" alt=\"\" srcset=\"https:\/\/apuvan.towelrackcn.com\/wp-content\/uploads\/2024\/12\/APUVAN-BANNER-5-1024x906.webp 1024w, https:\/\/apuvan.towelrackcn.com\/wp-content\/uploads\/2024\/12\/APUVAN-BANNER-5-300x266.webp 300w, https:\/\/apuvan.towelrackcn.com\/wp-content\/uploads\/2024\/12\/APUVAN-BANNER-5-768x680.webp 768w, https:\/\/apuvan.towelrackcn.com\/wp-content\/uploads\/2024\/12\/APUVAN-BANNER-5-1200x1062.webp 1200w, https:\/\/apuvan.towelrackcn.com\/wp-content\/uploads\/2024\/12\/APUVAN-BANNER-5-150x133.webp 150w, https:\/\/apuvan.towelrackcn.com\/wp-content\/uploads\/2024\/12\/APUVAN-BANNER-5.webp 1366w\" sizes=\"(max-width: 1024px) 100vw, 1024px\" title=\"\">\t\t\t\t\t\t\t\t\t\t\t\t\t\t\t<\/div>\n\t\t\t\t<\/div>\n\t\t\t\t<div class=\"elementor-element elementor-element-cb1d766 wd-width-100 elementor-widget elementor-widget-wd_title\" data-id=\"cb1d766\" data-element_type=\"widget\" data-e-type=\"widget\" data-widget_type=\"wd_title.default\">\n\t\t\t\t<div class=\"elementor-widget-container\">\n\t\t\t\t\t\t\t<div class=\"title-wrapper wd-set-mb reset-last-child wd-title-color-default wd-title-style-default wd-title-size-default text-left\">\n\n\t\t\t\n\t\t\t<div class=\"liner-continer\">\n\t\t\t\t<h4 class=\"woodmart-title-container title wd-fontsize-l\">APUVAN BEHEIZTER HANDTUCHHALTER<\/h4> \n\t\t\t\t\t\t\t<\/div>\n\n\t\t\t\t\t\t\t<div class=\"title-after_title reset-last-child wd-fontsize-xs\">\n\t\t\t\t\t<p>Fertigungszentrum:<br>Jiangmen, Guangdong, China<\/p><p>Marketing Center: <br>Foshan, Guangdong, China<\/p><p>Telefon\/WhatsAPP:<br>+86 13534453515<\/p><p>E-Mail:<br><a href=\"mailto:apuvan.china@gmail.com\">apuvan.china@gmail.com<\/a><\/p>\t\t\t\t<\/div>\n\t\t\t\t\t<\/div>\n\t\t\t\t\t\t<\/div>\n\t\t\t\t<\/div>\n\t\t\t\t\t<\/div>\n\t\t\t\t<\/div>\n\t\t\t\t<\/div>","protected":false},"excerpt":{"rendered":"<p>About APUVAN Apuvan is a professional manufacturer of sanitary-ware products that integrate development, production, sales and service. We work under<\/p>","protected":false},"author":1,"featured_media":2690,"parent":0,"menu_order":0,"comment_status":"closed","ping_status":"closed","template":"","meta":{"footnotes":""},"class_list":["post-31","page","type-page","status-publish","has-post-thumbnail","hentry"],"_links":{"self":[{"href":"https:\/\/apuvan.towelrackcn.com\/de\/wp-json\/wp\/v2\/pages\/31","targetHints":{"allow":["GET"]}}],"collection":[{"href":"https:\/\/apuvan.towelrackcn.com\/de\/wp-json\/wp\/v2\/pages"}],"about":[{"href":"https:\/\/apuvan.towelrackcn.com\/de\/wp-json\/wp\/v2\/types\/page"}],"author":[{"embeddable":true,"href":"https:\/\/apuvan.towelrackcn.com\/de\/wp-json\/wp\/v2\/users\/1"}],"replies":[{"embeddable":true,"href":"https:\/\/apuvan.towelrackcn.com\/de\/wp-json\/wp\/v2\/comments?post=31"}],"version-history":[{"count":0,"href":"https:\/\/apuvan.towelrackcn.com\/de\/wp-json\/wp\/v2\/pages\/31\/revisions"}],"wp:featuredmedia":[{"embeddable":true,"href":"https:\/\/apuvan.towelrackcn.com\/de\/wp-json\/wp\/v2\/media\/2690"}],"wp:attachment":[{"href":"https:\/\/apuvan.towelrackcn.com\/de\/wp-json\/wp\/v2\/media?parent=31"}],"curies":[{"name":"wp","href":"https:\/\/api.w.org\/{rel}","templated":true}]}}