{"id":1479,"date":"2024-12-12T10:17:12","date_gmt":"2024-12-12T02:17:12","guid":{"rendered":"https:\/?post_type=product&#038;p=1479"},"modified":"2025-09-02T10:06:14","modified_gmt":"2025-09-02T02:06:14","slug":"al601s","status":"publish","type":"product","link":"https:\/\/apuvan.towelrackcn.com\/de\/products\/al601s\/","title":{"rendered":"AL601S Floor Standing Luxury Electric Towel Rack | With Niche Storage | Large Drying | Smart Control | For Hotel&amp;Villa Bathrooms"},"content":{"rendered":"","protected":false},"excerpt":{"rendered":"<p>Dies ist ein bodenstehender beheizter Handtuchw\u00e4rmer mit Nischenfunktion und einer gro\u00dfen Trocknungsfl\u00e4che, der sich ideal f\u00fcr gro\u00dfe Badezimmer in Hotels, Villen und \u00e4hnlichen Einrichtungen eignet, insbesondere in Kombination mit Badewannen oder Duschkabinen. Der Handtuchw\u00e4rmer ist aus Edelstahl 304 gefertigt, verf\u00fcgt \u00fcber eine Karbonfaser-Heiztechnologie und ist in den Oberfl\u00e4chen geb\u00fcrstetes Gold und geb\u00fcrstetes Rotgussgrau erh\u00e4ltlich, was ihm eine elegante und luxuri\u00f6se \u00c4sthetik verleiht.<\/p>\n<p>Gr\u00f6\u00dfe\uff1aH2120*B580*T200<br \/>\nLeistung\uff1a180W<\/p>","protected":false},"featured_media":2781,"comment_status":"open","ping_status":"closed","template":"","meta":[],"product_brand":[209],"product_cat":[27,72,69],"product_tag":[719,698,713,716,157,210,695,691],"class_list":{"0":"post-1479","1":"product","2":"type-product","3":"status-publish","4":"has-post-thumbnail","6":"product_brand-apuvan","7":"product_cat-all","8":"product_cat-glory-collection","9":"product_cat-heated-towel-rail","10":"product_tag-brushed-copper-towel-rail","11":"product_tag-floor-standing-heated-towel-rail","12":"product_tag-heated-clothes-rack","13":"product_tag-heated-towel-ladder","14":"product_tag-high-end","15":"product_tag-luxury-heated-towel-rail","16":"product_tag-smart-heated-towel-rack","17":"product_tag-villa-heated-towel-rail","19":"first","20":"instock","21":"shipping-taxable","22":"purchasable","23":"product-type-variable"},"_links":{"self":[{"href":"https:\/\/apuvan.towelrackcn.com\/de\/wp-json\/wp\/v2\/product\/1479","targetHints":{"allow":["GET"]}}],"collection":[{"href":"https:\/\/apuvan.towelrackcn.com\/de\/wp-json\/wp\/v2\/product"}],"about":[{"href":"https:\/\/apuvan.towelrackcn.com\/de\/wp-json\/wp\/v2\/types\/product"}],"replies":[{"embeddable":true,"href":"https:\/\/apuvan.towelrackcn.com\/de\/wp-json\/wp\/v2\/comments?post=1479"}],"version-history":[{"count":1,"href":"https:\/\/apuvan.towelrackcn.com\/de\/wp-json\/wp\/v2\/product\/1479\/revisions"}],"predecessor-version":[{"id":3899,"href":"https:\/\/apuvan.towelrackcn.com\/de\/wp-json\/wp\/v2\/product\/1479\/revisions\/3899"}],"wp:featuredmedia":[{"embeddable":true,"href":"https:\/\/apuvan.towelrackcn.com\/de\/wp-json\/wp\/v2\/media\/2781"}],"wp:attachment":[{"href":"https:\/\/apuvan.towelrackcn.com\/de\/wp-json\/wp\/v2\/media?parent=1479"}],"wp:term":[{"taxonomy":"product_brand","embeddable":true,"href":"https:\/\/apuvan.towelrackcn.com\/de\/wp-json\/wp\/v2\/product_brand?post=1479"},{"taxonomy":"product_cat","embeddable":true,"href":"https:\/\/apuvan.towelrackcn.com\/de\/wp-json\/wp\/v2\/product_cat?post=1479"},{"taxonomy":"product_tag","embeddable":true,"href":"https:\/\/apuvan.towelrackcn.com\/de\/wp-json\/wp\/v2\/product_tag?post=1479"}],"curies":[{"name":"wp","href":"https:\/\/api.w.org\/{rel}","templated":true}]}}