{"id":1482,"date":"2024-12-12T10:20:35","date_gmt":"2024-12-12T02:20:35","guid":{"rendered":"https:\/?post_type=product&#038;p=1482"},"modified":"2025-09-02T10:06:13","modified_gmt":"2025-09-02T02:06:13","slug":"al601","status":"publish","type":"product","link":"https:\/\/apuvan.towelrackcn.com\/de\/products\/al601\/","title":{"rendered":"AL601 Luxuri\u00f6ser, vom Boden bis zur Decke reichender beheizter Handtuchhalter | Mit Nischenablage | Gro\u00dfe Trocknungsfunktion | F\u00fcr Hotel&amp;Villa-Badezimmer"},"content":{"rendered":"","protected":false},"excerpt":{"rendered":"<p>Es handelt sich um einen vom Boden bis zur Decke reichenden beheizten Handtuchw\u00e4rmer mit Nischenfunktion und einer gro\u00dfen Trocknungsfl\u00e4che, der sich ideal f\u00fcr gro\u00dfe B\u00e4der in Hotels, Villen und \u00e4hnlichen Einrichtungen eignet, insbesondere in Verbindung mit Badewannen oder Duschkabinen. Der Handtuchw\u00e4rmer ist aus Edelstahl 304 gefertigt, verf\u00fcgt \u00fcber eine Karbonfaser-Heiztechnologie und ist in den Oberfl\u00e4chen geb\u00fcrstetes Gold und geb\u00fcrstetes Rotgussgrau erh\u00e4ltlich, was ihm eine elegante und luxuri\u00f6se \u00c4sthetik verleiht.<\/p>\n<p>Size\uff1aH2120-2700*W580*D200<br \/>\nLeistung\uff1a180W<\/p>","protected":false},"featured_media":2783,"comment_status":"open","ping_status":"closed","template":"","meta":[],"product_brand":[209],"product_cat":[27,72,69],"product_tag":[719,698,699,716,157],"class_list":{"0":"post-1482","1":"product","2":"type-product","3":"status-publish","4":"has-post-thumbnail","6":"product_brand-apuvan","7":"product_cat-all","8":"product_cat-glory-collection","9":"product_cat-heated-towel-rail","10":"product_tag-brushed-copper-towel-rail","11":"product_tag-floor-standing-heated-towel-rail","12":"product_tag-floor-to-ceiling-heated-towel-rack","13":"product_tag-heated-towel-ladder","14":"product_tag-high-end","16":"first","17":"instock","18":"shipping-taxable","19":"purchasable","20":"product-type-variable"},"_links":{"self":[{"href":"https:\/\/apuvan.towelrackcn.com\/de\/wp-json\/wp\/v2\/product\/1482","targetHints":{"allow":["GET"]}}],"collection":[{"href":"https:\/\/apuvan.towelrackcn.com\/de\/wp-json\/wp\/v2\/product"}],"about":[{"href":"https:\/\/apuvan.towelrackcn.com\/de\/wp-json\/wp\/v2\/types\/product"}],"replies":[{"embeddable":true,"href":"https:\/\/apuvan.towelrackcn.com\/de\/wp-json\/wp\/v2\/comments?post=1482"}],"version-history":[{"count":1,"href":"https:\/\/apuvan.towelrackcn.com\/de\/wp-json\/wp\/v2\/product\/1482\/revisions"}],"predecessor-version":[{"id":3898,"href":"https:\/\/apuvan.towelrackcn.com\/de\/wp-json\/wp\/v2\/product\/1482\/revisions\/3898"}],"wp:featuredmedia":[{"embeddable":true,"href":"https:\/\/apuvan.towelrackcn.com\/de\/wp-json\/wp\/v2\/media\/2783"}],"wp:attachment":[{"href":"https:\/\/apuvan.towelrackcn.com\/de\/wp-json\/wp\/v2\/media?parent=1482"}],"wp:term":[{"taxonomy":"product_brand","embeddable":true,"href":"https:\/\/apuvan.towelrackcn.com\/de\/wp-json\/wp\/v2\/product_brand?post=1482"},{"taxonomy":"product_cat","embeddable":true,"href":"https:\/\/apuvan.towelrackcn.com\/de\/wp-json\/wp\/v2\/product_cat?post=1482"},{"taxonomy":"product_tag","embeddable":true,"href":"https:\/\/apuvan.towelrackcn.com\/de\/wp-json\/wp\/v2\/product_tag?post=1482"}],"curies":[{"name":"wp","href":"https:\/\/api.w.org\/{rel}","templated":true}]}}