{"id":1565,"date":"2024-12-12T13:55:42","date_gmt":"2024-12-12T05:55:42","guid":{"rendered":"https:\/?post_type=product&#038;p=1565"},"modified":"2025-09-06T09:09:53","modified_gmt":"2025-09-06T01:09:53","slug":"ab312","status":"publish","type":"product","link":"https:\/\/apuvan.towelrackcn.com\/de\/products\/ab312\/","title":{"rendered":"AB312 Gro\u00dfer schmaler beheizter Handtuchhalter f\u00fcr Badezimmer im Hotel-Stil | Horizontaler Handtuchw\u00e4rmer | 304 Edelstahl | Wandbefestigung"},"content":{"rendered":"","protected":false},"excerpt":{"rendered":"<p>Gr\u00f6\u00dfe\uff1aH920*B480*D50<br \/>\nLeistung\uff1a125W<\/p>","protected":false},"featured_media":1566,"comment_status":"open","ping_status":"closed","template":"","meta":[],"product_brand":[209],"product_cat":[27,76,69],"product_tag":[688,718,722,711,692,710,697,715],"class_list":{"0":"post-1565","1":"product","2":"type-product","3":"status-publish","4":"has-post-thumbnail","6":"product_brand-apuvan","7":"product_cat-all","8":"product_cat-gleam-collection","9":"product_cat-heated-towel-rail","10":"product_tag-commercial-towel-heater","11":"product_tag-heated-towel-bar","12":"product_tag-heated-towel-radiators","13":"product_tag-heated-towel-rails-uk","14":"product_tag-hotel-heating-towel-rail","15":"product_tag-kohler-heated-towel-rack-for-bathroom","16":"product_tag-narrow-heated-towel-rack","17":"product_tag-white-heated-towel-rail","19":"first","20":"instock","21":"shipping-taxable","22":"purchasable","23":"product-type-variable"},"_links":{"self":[{"href":"https:\/\/apuvan.towelrackcn.com\/de\/wp-json\/wp\/v2\/product\/1565","targetHints":{"allow":["GET"]}}],"collection":[{"href":"https:\/\/apuvan.towelrackcn.com\/de\/wp-json\/wp\/v2\/product"}],"about":[{"href":"https:\/\/apuvan.towelrackcn.com\/de\/wp-json\/wp\/v2\/types\/product"}],"replies":[{"embeddable":true,"href":"https:\/\/apuvan.towelrackcn.com\/de\/wp-json\/wp\/v2\/comments?post=1565"}],"version-history":[{"count":1,"href":"https:\/\/apuvan.towelrackcn.com\/de\/wp-json\/wp\/v2\/product\/1565\/revisions"}],"predecessor-version":[{"id":3879,"href":"https:\/\/apuvan.towelrackcn.com\/de\/wp-json\/wp\/v2\/product\/1565\/revisions\/3879"}],"wp:featuredmedia":[{"embeddable":true,"href":"https:\/\/apuvan.towelrackcn.com\/de\/wp-json\/wp\/v2\/media\/1566"}],"wp:attachment":[{"href":"https:\/\/apuvan.towelrackcn.com\/de\/wp-json\/wp\/v2\/media?parent=1565"}],"wp:term":[{"taxonomy":"product_brand","embeddable":true,"href":"https:\/\/apuvan.towelrackcn.com\/de\/wp-json\/wp\/v2\/product_brand?post=1565"},{"taxonomy":"product_cat","embeddable":true,"href":"https:\/\/apuvan.towelrackcn.com\/de\/wp-json\/wp\/v2\/product_cat?post=1565"},{"taxonomy":"product_tag","embeddable":true,"href":"https:\/\/apuvan.towelrackcn.com\/de\/wp-json\/wp\/v2\/product_tag?post=1565"}],"curies":[{"name":"wp","href":"https:\/\/api.w.org\/{rel}","templated":true}]}}