{"id":2257,"date":"2024-12-17T11:23:54","date_gmt":"2024-12-17T03:23:54","guid":{"rendered":"https:\/?post_type=product&#038;p=2257"},"modified":"2025-09-02T09:57:47","modified_gmt":"2025-09-02T01:57:47","slug":"aa510","status":"publish","type":"product","link":"https:\/\/apuvan.towelrackcn.com\/de\/products\/aa510\/","title":{"rendered":"AA510 Vertikaler versteckter beheizter Handtuchhalter f\u00fcr Badewannen und Duschen | Modularer Einbau | Kohlefaserheizung | 2 Stangen"},"content":{"rendered":"","protected":false},"excerpt":{"rendered":"<p>Dieser beheizte Handtuchhalter verf\u00fcgt \u00fcber zwei vertikale Stangen, die die \"perfekte Paarung\" symbolisieren (ein Homonym f\u00fcr \"doppeltes Gl\u00fcck\" im Chinesischen), die f\u00fcr Gleichgewicht, Harmonie und gl\u00fcckverhei\u00dfende Segnungen steht. Er wurde zum Trocknen von Handt\u00fcchern und Badem\u00e4nteln entwickelt und wird in der Regel in der N\u00e4he von Badewannen oder Duschkabinen installiert. F\u00fcr die Installation sind vormontierte Wandkomponenten erforderlich, w\u00e4hrend das minimalistische Design mit seiner ausgepr\u00e4gten geometrischen Architektur sowohl funktionale Leistung als auch avantgardistische \u00c4sthetik bietet.<\/p>\n<p>Gr\u00f6\u00dfe\uff1aH1000*B400*T80<br \/>\nLeistung\uff1a40W<\/p>","protected":false},"featured_media":2258,"comment_status":"open","ping_status":"closed","template":"","meta":[],"product_brand":[209],"product_cat":[27,69,74],"product_tag":[701,689,712,694,718,690,692,697,175,687],"class_list":{"0":"post-2257","1":"product","2":"type-product","3":"status-publish","4":"has-post-thumbnail","6":"product_brand-apuvan","7":"product_cat-all","8":"product_cat-heated-towel-rail","9":"product_cat-stream-collection","10":"product_tag-built-in-modular-heated-towel-rail","11":"product_tag-designer-bathroom-rail","12":"product_tag-electric-towel-rack-usa","13":"product_tag-heated-rack-for-small-bathroom","14":"product_tag-heated-towel-bar","15":"product_tag-hidden-heated-towel-rail","16":"product_tag-hotel-heating-towel-rail","17":"product_tag-narrow-heated-towel-rack","18":"product_tag-new-products","19":"product_tag-vertical-heated-towel-rail","21":"first","22":"instock","23":"shipping-taxable","24":"purchasable","25":"product-type-variable"},"_links":{"self":[{"href":"https:\/\/apuvan.towelrackcn.com\/de\/wp-json\/wp\/v2\/product\/2257","targetHints":{"allow":["GET"]}}],"collection":[{"href":"https:\/\/apuvan.towelrackcn.com\/de\/wp-json\/wp\/v2\/product"}],"about":[{"href":"https:\/\/apuvan.towelrackcn.com\/de\/wp-json\/wp\/v2\/types\/product"}],"replies":[{"embeddable":true,"href":"https:\/\/apuvan.towelrackcn.com\/de\/wp-json\/wp\/v2\/comments?post=2257"}],"version-history":[{"count":1,"href":"https:\/\/apuvan.towelrackcn.com\/de\/wp-json\/wp\/v2\/product\/2257\/revisions"}],"predecessor-version":[{"id":3903,"href":"https:\/\/apuvan.towelrackcn.com\/de\/wp-json\/wp\/v2\/product\/2257\/revisions\/3903"}],"wp:featuredmedia":[{"embeddable":true,"href":"https:\/\/apuvan.towelrackcn.com\/de\/wp-json\/wp\/v2\/media\/2258"}],"wp:attachment":[{"href":"https:\/\/apuvan.towelrackcn.com\/de\/wp-json\/wp\/v2\/media?parent=2257"}],"wp:term":[{"taxonomy":"product_brand","embeddable":true,"href":"https:\/\/apuvan.towelrackcn.com\/de\/wp-json\/wp\/v2\/product_brand?post=2257"},{"taxonomy":"product_cat","embeddable":true,"href":"https:\/\/apuvan.towelrackcn.com\/de\/wp-json\/wp\/v2\/product_cat?post=2257"},{"taxonomy":"product_tag","embeddable":true,"href":"https:\/\/apuvan.towelrackcn.com\/de\/wp-json\/wp\/v2\/product_tag?post=2257"}],"curies":[{"name":"wp","href":"https:\/\/api.w.org\/{rel}","templated":true}]}}