{"id":31,"date":"2023-04-20T11:47:35","date_gmt":"2023-04-20T11:47:35","guid":{"rendered":"https:\/\/dummy.xtemos.com\/woodmart2\/furniture2-elementor\/?page_id=31"},"modified":"2025-04-22T11:40:05","modified_gmt":"2025-04-22T03:40:05","slug":"about-us","status":"publish","type":"page","link":"https:\/\/apuvan.towelrackcn.com\/es\/acerca-de-nosotros\/","title":{"rendered":"Qui\u00e9nes somos"},"content":{"rendered":"<div data-elementor-type=\"wp-page\" data-elementor-id=\"31\" class=\"elementor elementor-31\">\n\t\t\t\t<div class=\"wd-negative-gap elementor-element elementor-element-331e15e e-grid e-con-boxed e-con e-parent\" data-id=\"331e15e\" data-element_type=\"container\" data-e-type=\"container\">\n\t\t\t\t\t<div class=\"e-con-inner\">\n\t\t\t\t<div class=\"elementor-element elementor-element-65d9623 wd-width-100 elementor-widget elementor-widget-wd_title\" data-id=\"65d9623\" data-element_type=\"widget\" data-e-type=\"widget\" data-widget_type=\"wd_title.default\">\n\t\t\t\t<div class=\"elementor-widget-container\">\n\t\t\t\t\t\t\t<div class=\"title-wrapper wd-set-mb reset-last-child wd-title-color-default wd-title-style-default wd-title-size-default text-left\">\n\n\t\t\t\n\t\t\t<div class=\"liner-continer\">\n\t\t\t\t<h4 class=\"woodmart-title-container title wd-fontsize-l\">Acerca de APUVAN<\/h4> \n\t\t\t\t\t\t\t<\/div>\n\n\t\t\t\t\t\t\t<div class=\"title-after_title reset-last-child wd-fontsize-xs\">\n\t\t\t\t\t<p>Apuvan es un fabricante profesional de productos sanitarios que integra desarrollo, producci\u00f3n, venta y servicio. Trabajamos bajo una misi\u00f3n: \"Calentar la vida con ciencia y <a href=\"https:\/\/apuvan.towelrackcn.com\/es\/guia-de-toalleros-calefactados\/\">tecnolog\u00eda<\/a>.\" Siempre persistimos en vivir seg\u00fan las ideas de calidad, salud, inteligencia, el esp\u00edritu de honestidad, eficiencia e innovaci\u00f3n. Estamos comprometidos a construir la marca l\u00edder en la industria, y llevar el cuidado y la calidez a todos nuestros clientes.<br \/>La innovaci\u00f3n y la concepci\u00f3n de los productos de Apuvan tienen en cuenta el clima de diferentes regiones y diferentes escenarios. Utilizando su tecnolog\u00eda l\u00edder y capacidad de fabricaci\u00f3n, proporcionando continuamente calentador de toallas el\u00e9ctrico c\u00f3modo, saludable, seguro y est\u00e9tico para el consumidor.<br \/>La base de desarrollo y fabricaci\u00f3n de Apuvan se encuentra en Jiangmen y el centro de ventas en Foshan, utilizando todo tipo de canales de venta, estamos decididos a ofrecer a nuestros clientes servicios de gran calidez. Desde el establecimiento de Apuvan y el lanzamiento de nuestro calentador de toallas el\u00e9ctrico, nuestra marca y productos han crecido r\u00e1pidamente y ahora es ampliamente reconocida por los clientes tanto nacionales como extranjeros, mientras que el logro de resultados notables.<br \/>Apuvan promover\u00e1 persistentemente el desarrollo de alta calidad con innovaci\u00f3n, mantendr\u00e1 el liderazgo del desarrollo de la industria, la promover\u00e1 globalmente, mejorando la calidad de vida de nuestros consumidores en todo el mundo.<\/p>\t\t\t\t<\/div>\n\t\t\t\t\t<\/div>\n\t\t\t\t\t\t<\/div>\n\t\t\t\t<\/div>\n\t\t\t\t<div class=\"elementor-element elementor-element-4a486e5 elementor-widget elementor-widget-image\" data-id=\"4a486e5\" data-element_type=\"widget\" data-e-type=\"widget\" data-widget_type=\"image.default\">\n\t\t\t\t<div class=\"elementor-widget-container\">\n\t\t\t\t\t\t\t\t\t\t\t\t\t\t\t<img fetchpriority=\"high\" decoding=\"async\" width=\"1024\" height=\"906\" src=\"https:\/\/apuvan.towelrackcn.com\/wp-content\/uploads\/replace\/12cf50b6f16c50f1b5df56b7081e739d.jpeg\" class=\"attachment-large size-large wp-image-1913\" alt=\"\" title=\"\">\t\t\t\t\t\t\t\t\t\t\t\t\t\t\t<\/div>\n\t\t\t\t<\/div>\n\t\t\t\t<div class=\"elementor-element elementor-element-3c569ea elementor-widget elementor-widget-image\" data-id=\"3c569ea\" data-element_type=\"widget\" data-e-type=\"widget\" data-widget_type=\"image.default\">\n\t\t\t\t<div class=\"elementor-widget-container\">\n\t\t\t\t\t\t\t\t\t\t\t\t\t\t\t<img decoding=\"async\" width=\"1024\" height=\"906\" src=\"https:\/\/apuvan.towelrackcn.com\/wp-content\/uploads\/2024\/12\/APUVAN-BANNER-5-1024x906.webp\" class=\"attachment-large size-large wp-image-1699\" alt=\"\" srcset=\"https:\/\/apuvan.towelrackcn.com\/wp-content\/uploads\/2024\/12\/APUVAN-BANNER-5-1024x906.webp 1024w, https:\/\/apuvan.towelrackcn.com\/wp-content\/uploads\/2024\/12\/APUVAN-BANNER-5-300x266.webp 300w, https:\/\/apuvan.towelrackcn.com\/wp-content\/uploads\/2024\/12\/APUVAN-BANNER-5-768x680.webp 768w, https:\/\/apuvan.towelrackcn.com\/wp-content\/uploads\/2024\/12\/APUVAN-BANNER-5-1200x1062.webp 1200w, https:\/\/apuvan.towelrackcn.com\/wp-content\/uploads\/2024\/12\/APUVAN-BANNER-5-150x133.webp 150w, https:\/\/apuvan.towelrackcn.com\/wp-content\/uploads\/2024\/12\/APUVAN-BANNER-5.webp 1366w\" sizes=\"(max-width: 1024px) 100vw, 1024px\" title=\"\">\t\t\t\t\t\t\t\t\t\t\t\t\t\t\t<\/div>\n\t\t\t\t<\/div>\n\t\t\t\t<div class=\"elementor-element elementor-element-cb1d766 wd-width-100 elementor-widget elementor-widget-wd_title\" data-id=\"cb1d766\" data-element_type=\"widget\" data-e-type=\"widget\" data-widget_type=\"wd_title.default\">\n\t\t\t\t<div class=\"elementor-widget-container\">\n\t\t\t\t\t\t\t<div class=\"title-wrapper wd-set-mb reset-last-child wd-title-color-default wd-title-style-default wd-title-size-default text-left\">\n\n\t\t\t\n\t\t\t<div class=\"liner-continer\">\n\t\t\t\t<h4 class=\"woodmart-title-container title wd-fontsize-l\">TOALLERO CALEFACTOR APUVAN<\/h4> \n\t\t\t\t\t\t\t<\/div>\n\n\t\t\t\t\t\t\t<div class=\"title-after_title reset-last-child wd-fontsize-xs\">\n\t\t\t\t\t<p>Centro de fabricaci\u00f3n:<br>Jiangmen, Guangdong, China<\/p><p>Centro de Marketing: <br>Foshan, Guangdong, China<\/p><p>Tel\u00e9fono\/WhatsAPP:<br>+86 13534453515<\/p><p>Correo electr\u00f3nico:<br><a href=\"mailto:apuvan.china@gmail.com\">apuvan.china@gmail.com<\/a><\/p>\t\t\t\t<\/div>\n\t\t\t\t\t<\/div>\n\t\t\t\t\t\t<\/div>\n\t\t\t\t<\/div>\n\t\t\t\t\t<\/div>\n\t\t\t\t<\/div>\n\t\t\t\t<\/div>","protected":false},"excerpt":{"rendered":"<p>About APUVAN Apuvan is a professional manufacturer of sanitary-ware products that integrate development, production, sales and service. We work under<\/p>","protected":false},"author":1,"featured_media":2690,"parent":0,"menu_order":0,"comment_status":"closed","ping_status":"closed","template":"","meta":{"footnotes":""},"class_list":["post-31","page","type-page","status-publish","has-post-thumbnail","hentry"],"_links":{"self":[{"href":"https:\/\/apuvan.towelrackcn.com\/es\/wp-json\/wp\/v2\/pages\/31","targetHints":{"allow":["GET"]}}],"collection":[{"href":"https:\/\/apuvan.towelrackcn.com\/es\/wp-json\/wp\/v2\/pages"}],"about":[{"href":"https:\/\/apuvan.towelrackcn.com\/es\/wp-json\/wp\/v2\/types\/page"}],"author":[{"embeddable":true,"href":"https:\/\/apuvan.towelrackcn.com\/es\/wp-json\/wp\/v2\/users\/1"}],"replies":[{"embeddable":true,"href":"https:\/\/apuvan.towelrackcn.com\/es\/wp-json\/wp\/v2\/comments?post=31"}],"version-history":[{"count":0,"href":"https:\/\/apuvan.towelrackcn.com\/es\/wp-json\/wp\/v2\/pages\/31\/revisions"}],"wp:featuredmedia":[{"embeddable":true,"href":"https:\/\/apuvan.towelrackcn.com\/es\/wp-json\/wp\/v2\/media\/2690"}],"wp:attachment":[{"href":"https:\/\/apuvan.towelrackcn.com\/es\/wp-json\/wp\/v2\/media?parent=31"}],"curies":[{"name":"wp","href":"https:\/\/api.w.org\/{rel}","templated":true}]}}