{"id":1466,"date":"2024-12-12T09:30:11","date_gmt":"2024-12-12T01:30:11","guid":{"rendered":"https:\/?post_type=product&#038;p=1466"},"modified":"2025-11-04T22:33:33","modified_gmt":"2025-11-04T14:33:33","slug":"ab321","status":"publish","type":"product","link":"https:\/\/apuvan.towelrackcn.com\/es\/products\/ab321\/","title":{"rendered":"AB321 Toallero Calefactor de Lujo de Pared | Con Nicho de Almacenaje | Gran Secado | Control Inteligente | Para Ba\u00f1os de Hoteles y Villas"},"content":{"rendered":"","protected":false},"excerpt":{"rendered":"<p>Se trata de un calentador de toallas con funci\u00f3n de almacenamiento y una amplia superficie de secado, ideal para grandes cuartos de ba\u00f1o de hoteles, villas y entornos similares, especialmente cuando se combina con ba\u00f1eras o cabinas de ducha. Fabricado en acero inoxidable 304, utiliza tecnolog\u00eda de calefacci\u00f3n de fibra de carbono y est\u00e1 disponible en acabados oro cepillado y gris plomo cepillado, ofreciendo una est\u00e9tica elegante y lujosa.<\/p>\n<p>Tama\u00f1o\uff1aH1563*A580*200<br \/>\nPotencia\uff1a150W<\/p>","protected":false},"featured_media":1478,"comment_status":"open","ping_status":"closed","template":"","meta":[],"product_brand":[209],"product_cat":[27,72,69],"product_tag":[714,693,719,713,716,157,692,700,708,695,691,707],"class_list":{"0":"post-1466","1":"product","2":"type-product","3":"status-publish","4":"has-post-thumbnail","6":"product_brand-apuvan","7":"product_cat-all","8":"product_cat-glory-collection","9":"product_cat-heated-towel-rail","10":"product_tag-hot-sale","11":"product_tag-best-heated-towel-rail","12":"product_tag-brushed-copper-towel-rail","13":"product_tag-heated-clothes-rack","14":"product_tag-heated-towel-ladder","15":"product_tag-high-end","16":"product_tag-hotel-heating-towel-rail","17":"product_tag-plug-in-electric-towel-rack","18":"product_tag-roca-heated-towel-rail-for-bathroom","19":"product_tag-smart-heated-towel-rack","20":"product_tag-villa-heated-towel-rail","21":"product_tag-wall-mounted-heated-towel-rail","23":"first","24":"instock","25":"shipping-taxable","26":"purchasable","27":"product-type-variable"},"_links":{"self":[{"href":"https:\/\/apuvan.towelrackcn.com\/es\/wp-json\/wp\/v2\/product\/1466","targetHints":{"allow":["GET"]}}],"collection":[{"href":"https:\/\/apuvan.towelrackcn.com\/es\/wp-json\/wp\/v2\/product"}],"about":[{"href":"https:\/\/apuvan.towelrackcn.com\/es\/wp-json\/wp\/v2\/types\/product"}],"replies":[{"embeddable":true,"href":"https:\/\/apuvan.towelrackcn.com\/es\/wp-json\/wp\/v2\/comments?post=1466"}],"version-history":[{"count":1,"href":"https:\/\/apuvan.towelrackcn.com\/es\/wp-json\/wp\/v2\/product\/1466\/revisions"}],"predecessor-version":[{"id":3900,"href":"https:\/\/apuvan.towelrackcn.com\/es\/wp-json\/wp\/v2\/product\/1466\/revisions\/3900"}],"wp:featuredmedia":[{"embeddable":true,"href":"https:\/\/apuvan.towelrackcn.com\/es\/wp-json\/wp\/v2\/media\/1478"}],"wp:attachment":[{"href":"https:\/\/apuvan.towelrackcn.com\/es\/wp-json\/wp\/v2\/media?parent=1466"}],"wp:term":[{"taxonomy":"product_brand","embeddable":true,"href":"https:\/\/apuvan.towelrackcn.com\/es\/wp-json\/wp\/v2\/product_brand?post=1466"},{"taxonomy":"product_cat","embeddable":true,"href":"https:\/\/apuvan.towelrackcn.com\/es\/wp-json\/wp\/v2\/product_cat?post=1466"},{"taxonomy":"product_tag","embeddable":true,"href":"https:\/\/apuvan.towelrackcn.com\/es\/wp-json\/wp\/v2\/product_tag?post=1466"}],"curies":[{"name":"wp","href":"https:\/\/api.w.org\/{rel}","templated":true}]}}