{"id":1490,"date":"2024-12-12T10:30:27","date_gmt":"2024-12-12T02:30:27","guid":{"rendered":"https:\/?post_type=product&#038;p=1490"},"modified":"2025-09-02T10:06:12","modified_gmt":"2025-09-02T02:06:12","slug":"aa509","status":"publish","type":"product","link":"https:\/\/apuvan.towelrackcn.com\/es\/products\/aa509\/","title":{"rendered":"AA509 Toallero Calefactor Vertical | 2 Barras | Modular Incorporado | Estilo Chino | Para Secar Toallas Y Albornoces De Ba\u00f1o"},"content":{"rendered":"","protected":false},"excerpt":{"rendered":"<p>Este toallero calefactado cuenta con dos barras verticales que simbolizan el \"emparejamiento perfecto\" (hom\u00f3nimo de \"doble felicidad\" en chino), que representa el equilibrio, la armon\u00eda y las bendiciones auspiciosas. Dise\u00f1ado para secar toallas de ba\u00f1o y albornoces, suele instalarse junto a ba\u00f1eras o mamparas de ducha. La instalaci\u00f3n requiere componentes preinstalados en la pared, mientras que su dise\u00f1o minimalista con una arquitectura geom\u00e9trica distintiva ofrece tanto un rendimiento funcional como un atractivo est\u00e9tico vanguardista.<\/p>\n<p>Tama\u00f1o\uff1aH1000*W400*D80<br \/>\nPotencia\uff1a40W<\/p>","protected":false},"featured_media":2260,"comment_status":"open","ping_status":"closed","template":"","meta":[],"product_brand":[209],"product_cat":[27,69,74],"product_tag":[714,693,719,701,703,689,712,694,718,690,696,210,697,695,687,691],"class_list":{"0":"post-1490","1":"product","2":"type-product","3":"status-publish","4":"has-post-thumbnail","6":"product_brand-apuvan","7":"product_cat-all","8":"product_cat-heated-towel-rail","9":"product_cat-stream-collection","10":"product_tag-hot-sale","11":"product_tag-best-heated-towel-rail","12":"product_tag-brushed-copper-towel-rail","13":"product_tag-built-in-modular-heated-towel-rail","14":"product_tag-chrome-heated-towel-rail","15":"product_tag-designer-bathroom-rail","16":"product_tag-electric-towel-rack-usa","17":"product_tag-heated-rack-for-small-bathroom","18":"product_tag-heated-towel-bar","19":"product_tag-hidden-heated-towel-rail","20":"product_tag-ipx4-heated-towel-rail","21":"product_tag-luxury-heated-towel-rail","22":"product_tag-narrow-heated-towel-rack","23":"product_tag-smart-heated-towel-rack","24":"product_tag-vertical-heated-towel-rail","25":"product_tag-villa-heated-towel-rail","27":"first","28":"instock","29":"shipping-taxable","30":"purchasable","31":"product-type-variable"},"_links":{"self":[{"href":"https:\/\/apuvan.towelrackcn.com\/es\/wp-json\/wp\/v2\/product\/1490","targetHints":{"allow":["GET"]}}],"collection":[{"href":"https:\/\/apuvan.towelrackcn.com\/es\/wp-json\/wp\/v2\/product"}],"about":[{"href":"https:\/\/apuvan.towelrackcn.com\/es\/wp-json\/wp\/v2\/types\/product"}],"replies":[{"embeddable":true,"href":"https:\/\/apuvan.towelrackcn.com\/es\/wp-json\/wp\/v2\/comments?post=1490"}],"version-history":[{"count":1,"href":"https:\/\/apuvan.towelrackcn.com\/es\/wp-json\/wp\/v2\/product\/1490\/revisions"}],"predecessor-version":[{"id":3904,"href":"https:\/\/apuvan.towelrackcn.com\/es\/wp-json\/wp\/v2\/product\/1490\/revisions\/3904"}],"wp:featuredmedia":[{"embeddable":true,"href":"https:\/\/apuvan.towelrackcn.com\/es\/wp-json\/wp\/v2\/media\/2260"}],"wp:attachment":[{"href":"https:\/\/apuvan.towelrackcn.com\/es\/wp-json\/wp\/v2\/media?parent=1490"}],"wp:term":[{"taxonomy":"product_brand","embeddable":true,"href":"https:\/\/apuvan.towelrackcn.com\/es\/wp-json\/wp\/v2\/product_brand?post=1490"},{"taxonomy":"product_cat","embeddable":true,"href":"https:\/\/apuvan.towelrackcn.com\/es\/wp-json\/wp\/v2\/product_cat?post=1490"},{"taxonomy":"product_tag","embeddable":true,"href":"https:\/\/apuvan.towelrackcn.com\/es\/wp-json\/wp\/v2\/product_tag?post=1490"}],"curies":[{"name":"wp","href":"https:\/\/api.w.org\/{rel}","templated":true}]}}