{"id":1568,"date":"2024-12-12T14:02:40","date_gmt":"2024-12-12T06:02:40","guid":{"rendered":"https:\/?post_type=product&#038;p=1568"},"modified":"2025-08-27T09:16:32","modified_gmt":"2025-08-27T01:16:32","slug":"ab306","status":"publish","type":"product","link":"https:\/\/apuvan.towelrackcn.com\/es\/products\/ab306\/","title":{"rendered":"AB306 Negro\/Blanco Mate Toallero Calefactor | Con Estante | Acero Inoxidable 304 | Calefactor de Fibra de Carbono | Montado en la Pared | Para Ba\u00f1os Peque\u00f1os"},"content":{"rendered":"","protected":false},"excerpt":{"rendered":"<p>Tama\u00f1o\uff1aH500*W475*D220<br \/>\nPotencia\uff1a125W<\/p>","protected":false},"featured_media":2237,"comment_status":"open","ping_status":"closed","template":"","meta":[],"product_brand":[209],"product_cat":[27,76,69],"product_tag":[694,710,700,707,715],"class_list":{"0":"post-1568","1":"product","2":"type-product","3":"status-publish","4":"has-post-thumbnail","6":"product_brand-apuvan","7":"product_cat-all","8":"product_cat-gleam-collection","9":"product_cat-heated-towel-rail","10":"product_tag-heated-rack-for-small-bathroom","11":"product_tag-kohler-heated-towel-rack-for-bathroom","12":"product_tag-plug-in-electric-towel-rack","13":"product_tag-wall-mounted-heated-towel-rail","14":"product_tag-white-heated-towel-rail","16":"first","17":"instock","18":"shipping-taxable","19":"purchasable","20":"product-type-variable"},"_links":{"self":[{"href":"https:\/\/apuvan.towelrackcn.com\/es\/wp-json\/wp\/v2\/product\/1568","targetHints":{"allow":["GET"]}}],"collection":[{"href":"https:\/\/apuvan.towelrackcn.com\/es\/wp-json\/wp\/v2\/product"}],"about":[{"href":"https:\/\/apuvan.towelrackcn.com\/es\/wp-json\/wp\/v2\/types\/product"}],"replies":[{"embeddable":true,"href":"https:\/\/apuvan.towelrackcn.com\/es\/wp-json\/wp\/v2\/comments?post=1568"}],"version-history":[{"count":1,"href":"https:\/\/apuvan.towelrackcn.com\/es\/wp-json\/wp\/v2\/product\/1568\/revisions"}],"predecessor-version":[{"id":3878,"href":"https:\/\/apuvan.towelrackcn.com\/es\/wp-json\/wp\/v2\/product\/1568\/revisions\/3878"}],"wp:featuredmedia":[{"embeddable":true,"href":"https:\/\/apuvan.towelrackcn.com\/es\/wp-json\/wp\/v2\/media\/2237"}],"wp:attachment":[{"href":"https:\/\/apuvan.towelrackcn.com\/es\/wp-json\/wp\/v2\/media?parent=1568"}],"wp:term":[{"taxonomy":"product_brand","embeddable":true,"href":"https:\/\/apuvan.towelrackcn.com\/es\/wp-json\/wp\/v2\/product_brand?post=1568"},{"taxonomy":"product_cat","embeddable":true,"href":"https:\/\/apuvan.towelrackcn.com\/es\/wp-json\/wp\/v2\/product_cat?post=1568"},{"taxonomy":"product_tag","embeddable":true,"href":"https:\/\/apuvan.towelrackcn.com\/es\/wp-json\/wp\/v2\/product_tag?post=1568"}],"curies":[{"name":"wp","href":"https:\/\/api.w.org\/{rel}","templated":true}]}}