{"id":1466,"date":"2024-12-12T09:30:11","date_gmt":"2024-12-12T01:30:11","guid":{"rendered":"https:\/?post_type=product&#038;p=1466"},"modified":"2025-11-04T22:33:33","modified_gmt":"2025-11-04T14:33:33","slug":"ab321","status":"publish","type":"product","link":"https:\/\/apuvan.towelrackcn.com\/fr\/products\/ab321\/","title":{"rendered":"AB321 Porte-serviettes de luxe chauffant mural | Avec rangement dans une niche | Grand s\u00e9chage | Commande intelligente | Pour salles de bains d'h\u00f4tels et de villas"},"content":{"rendered":"","protected":false},"excerpt":{"rendered":"<p>Il s'agit d'un radiateur s\u00e8che-serviettes dot\u00e9 d'une fonction de rangement en niche et d'une vaste surface de s\u00e9chage, qui convient parfaitement aux grandes salles de bains des h\u00f4tels, des villas et d'autres lieux similaires, en particulier lorsqu'il est associ\u00e9 \u00e0 des baignoires ou \u00e0 des cabines de douche. Fabriqu\u00e9 en acier inoxydable 304, il utilise la technologie de chauffage par fibre de carbone et est disponible en finitions or bross\u00e9 et gris gunmetal bross\u00e9, offrant une esth\u00e9tique \u00e9l\u00e9gante et luxueuse.<\/p>\n<p>Taille\uff1aH1563*L580*200<br \/>\nPuissance\uff1a150W<\/p>","protected":false},"featured_media":1478,"comment_status":"open","ping_status":"closed","template":"","meta":[],"product_brand":[209],"product_cat":[27,72,69],"product_tag":[714,693,719,713,716,157,692,700,708,695,691,707],"class_list":{"0":"post-1466","1":"product","2":"type-product","3":"status-publish","4":"has-post-thumbnail","6":"product_brand-apuvan","7":"product_cat-all","8":"product_cat-glory-collection","9":"product_cat-heated-towel-rail","10":"product_tag-hot-sale","11":"product_tag-best-heated-towel-rail","12":"product_tag-brushed-copper-towel-rail","13":"product_tag-heated-clothes-rack","14":"product_tag-heated-towel-ladder","15":"product_tag-high-end","16":"product_tag-hotel-heating-towel-rail","17":"product_tag-plug-in-electric-towel-rack","18":"product_tag-roca-heated-towel-rail-for-bathroom","19":"product_tag-smart-heated-towel-rack","20":"product_tag-villa-heated-towel-rail","21":"product_tag-wall-mounted-heated-towel-rail","23":"first","24":"instock","25":"shipping-taxable","26":"purchasable","27":"product-type-variable"},"_links":{"self":[{"href":"https:\/\/apuvan.towelrackcn.com\/fr\/wp-json\/wp\/v2\/product\/1466","targetHints":{"allow":["GET"]}}],"collection":[{"href":"https:\/\/apuvan.towelrackcn.com\/fr\/wp-json\/wp\/v2\/product"}],"about":[{"href":"https:\/\/apuvan.towelrackcn.com\/fr\/wp-json\/wp\/v2\/types\/product"}],"replies":[{"embeddable":true,"href":"https:\/\/apuvan.towelrackcn.com\/fr\/wp-json\/wp\/v2\/comments?post=1466"}],"version-history":[{"count":1,"href":"https:\/\/apuvan.towelrackcn.com\/fr\/wp-json\/wp\/v2\/product\/1466\/revisions"}],"predecessor-version":[{"id":3900,"href":"https:\/\/apuvan.towelrackcn.com\/fr\/wp-json\/wp\/v2\/product\/1466\/revisions\/3900"}],"wp:featuredmedia":[{"embeddable":true,"href":"https:\/\/apuvan.towelrackcn.com\/fr\/wp-json\/wp\/v2\/media\/1478"}],"wp:attachment":[{"href":"https:\/\/apuvan.towelrackcn.com\/fr\/wp-json\/wp\/v2\/media?parent=1466"}],"wp:term":[{"taxonomy":"product_brand","embeddable":true,"href":"https:\/\/apuvan.towelrackcn.com\/fr\/wp-json\/wp\/v2\/product_brand?post=1466"},{"taxonomy":"product_cat","embeddable":true,"href":"https:\/\/apuvan.towelrackcn.com\/fr\/wp-json\/wp\/v2\/product_cat?post=1466"},{"taxonomy":"product_tag","embeddable":true,"href":"https:\/\/apuvan.towelrackcn.com\/fr\/wp-json\/wp\/v2\/product_tag?post=1466"}],"curies":[{"name":"wp","href":"https:\/\/api.w.org\/{rel}","templated":true}]}}