{"id":1482,"date":"2024-12-12T10:20:35","date_gmt":"2024-12-12T02:20:35","guid":{"rendered":"https:\/?post_type=product&#038;p=1482"},"modified":"2025-09-02T10:06:13","modified_gmt":"2025-09-02T02:06:13","slug":"al601","status":"publish","type":"product","link":"https:\/\/apuvan.towelrackcn.com\/fr\/products\/al601\/","title":{"rendered":"AL601 Floor-To-Ceiling Luxurious Heated Towel Rack | With Niche Storage | Large Drying Smart Control | For Hotel&amp;Villa Bathrooms"},"content":{"rendered":"","protected":false},"excerpt":{"rendered":"<p>Il s'agit d'un s\u00e8che-serviettes chauffant du sol au plafond, dot\u00e9 d'une fonction de rangement en niche et d'une vaste surface de s\u00e9chage, qui convient parfaitement aux grandes salles de bains des h\u00f4tels, des villas et d'autres lieux similaires, en particulier lorsqu'il est associ\u00e9 \u00e0 des baignoires ou \u00e0 des cabines de douche. Fabriqu\u00e9 en acier inoxydable 304, il utilise la technologie de chauffage par fibre de carbone et est disponible en finitions or bross\u00e9 et gris gunmetal bross\u00e9, offrant une esth\u00e9tique \u00e9l\u00e9gante et luxueuse.<\/p>\n<p>Size\uff1aH2120-2700*W580*D200<br \/>\nPuissance\uff1a180W<\/p>","protected":false},"featured_media":2783,"comment_status":"open","ping_status":"closed","template":"","meta":[],"product_brand":[209],"product_cat":[27,72,69],"product_tag":[719,698,699,716,157],"class_list":{"0":"post-1482","1":"product","2":"type-product","3":"status-publish","4":"has-post-thumbnail","6":"product_brand-apuvan","7":"product_cat-all","8":"product_cat-glory-collection","9":"product_cat-heated-towel-rail","10":"product_tag-brushed-copper-towel-rail","11":"product_tag-floor-standing-heated-towel-rail","12":"product_tag-floor-to-ceiling-heated-towel-rack","13":"product_tag-heated-towel-ladder","14":"product_tag-high-end","16":"first","17":"instock","18":"shipping-taxable","19":"purchasable","20":"product-type-variable"},"_links":{"self":[{"href":"https:\/\/apuvan.towelrackcn.com\/fr\/wp-json\/wp\/v2\/product\/1482","targetHints":{"allow":["GET"]}}],"collection":[{"href":"https:\/\/apuvan.towelrackcn.com\/fr\/wp-json\/wp\/v2\/product"}],"about":[{"href":"https:\/\/apuvan.towelrackcn.com\/fr\/wp-json\/wp\/v2\/types\/product"}],"replies":[{"embeddable":true,"href":"https:\/\/apuvan.towelrackcn.com\/fr\/wp-json\/wp\/v2\/comments?post=1482"}],"version-history":[{"count":1,"href":"https:\/\/apuvan.towelrackcn.com\/fr\/wp-json\/wp\/v2\/product\/1482\/revisions"}],"predecessor-version":[{"id":3898,"href":"https:\/\/apuvan.towelrackcn.com\/fr\/wp-json\/wp\/v2\/product\/1482\/revisions\/3898"}],"wp:featuredmedia":[{"embeddable":true,"href":"https:\/\/apuvan.towelrackcn.com\/fr\/wp-json\/wp\/v2\/media\/2783"}],"wp:attachment":[{"href":"https:\/\/apuvan.towelrackcn.com\/fr\/wp-json\/wp\/v2\/media?parent=1482"}],"wp:term":[{"taxonomy":"product_brand","embeddable":true,"href":"https:\/\/apuvan.towelrackcn.com\/fr\/wp-json\/wp\/v2\/product_brand?post=1482"},{"taxonomy":"product_cat","embeddable":true,"href":"https:\/\/apuvan.towelrackcn.com\/fr\/wp-json\/wp\/v2\/product_cat?post=1482"},{"taxonomy":"product_tag","embeddable":true,"href":"https:\/\/apuvan.towelrackcn.com\/fr\/wp-json\/wp\/v2\/product_tag?post=1482"}],"curies":[{"name":"wp","href":"https:\/\/api.w.org\/{rel}","templated":true}]}}