{"id":1508,"date":"2024-12-12T10:55:42","date_gmt":"2024-12-12T02:55:42","guid":{"rendered":"https:\/?post_type=product&#038;p=1508"},"modified":"2025-09-02T10:17:58","modified_gmt":"2025-09-02T02:17:58","slug":"aa501-2-3","status":"publish","type":"product","link":"https:\/\/apuvan.towelrackcn.com\/fr\/products\/aa501-2-3\/","title":{"rendered":"AA501\/2\/3 Porte-serviettes chauffant horizontal cach\u00e9 | 3\/4\/5 tiges | modulaire int\u00e9gr\u00e9 | acier inoxydable 304 | pour une installation murale peu encombrante"},"content":{"rendered":"","protected":false},"excerpt":{"rendered":"<p>Ce porte-serviettes horizontal chauffant haut de gamme offre des configurations personnalisables avec 3, 4 ou 5 barres chauffantes en acier inoxydable. Con\u00e7u pour s'int\u00e9grer parfaitement dans les salles de bains modernes, il est dot\u00e9 d'une installation de qualit\u00e9 professionnelle n\u00e9cessitant des connexions \u00e9lectriques pr\u00e9-c\u00e2bl\u00e9es encastr\u00e9es dans les murs avant les travaux de carrelage.<\/p>\n<p>Cette unit\u00e9 au profil fin s'installe parfaitement dans des endroits peu encombr\u00e9s, au-dessus des toilettes ou \u00e0 c\u00f4t\u00e9 des meubles-lavabos, alliant chaleur fonctionnelle et esth\u00e9tique contemporaine. Son design \u00e9l\u00e9gant et l\u00e9ger met en valeur des lignes \u00e9pur\u00e9es et des finitions haut de gamme qui s'int\u00e8grent parfaitement aux d\u00e9cors de salles de bains haut de gamme.<\/p>\n<p>Pr\u00e9f\u00e9r\u00e9 par les architectes et les propri\u00e9taires, ce s\u00e8che-serviettes de luxe allie une \u00e9l\u00e9gance discr\u00e8te \u00e0 une fonctionnalit\u00e9 pratique, permettant de conserver des serviettes chaudes et moelleuses tout en am\u00e9liorant l'ambiance de la salle de bains. Il est id\u00e9al pour les projets r\u00e9sidentiels modernes et les r\u00e9novations d'\u00e9tablissements h\u00f4teliers.<\/p>\n<p>Tiges-Taille-Puissance\uff1a<br \/>\n3 tiges-H510*L460*D80-30W<br \/>\n4 tiges\/H645*L460*D80-40W<br \/>\n5 tiges\/H810*L460*D80-60W<\/p>","protected":false},"featured_media":1503,"comment_status":"open","ping_status":"closed","template":"","meta":[],"product_brand":[209],"product_cat":[27,69,74],"product_tag":[714,693,719,720,701,703,712,694,718,717,690,696,697,709,715],"class_list":{"0":"post-1508","1":"product","2":"type-product","3":"status-publish","4":"has-post-thumbnail","6":"product_brand-apuvan","7":"product_cat-all","8":"product_cat-heated-towel-rail","9":"product_cat-stream-collection","10":"product_tag-hot-sale","11":"product_tag-best-heated-towel-rail","12":"product_tag-brushed-copper-towel-rail","13":"product_tag-brushed-nickel-towel-rail","14":"product_tag-built-in-modular-heated-towel-rail","15":"product_tag-chrome-heated-towel-rail","16":"product_tag-electric-towel-rack-usa","17":"product_tag-heated-rack-for-small-bathroom","18":"product_tag-heated-towel-bar","19":"product_tag-heated-towel-rack-for-ikea-bathrooms","20":"product_tag-hidden-heated-towel-rail","21":"product_tag-ipx4-heated-towel-rail","22":"product_tag-narrow-heated-towel-rack","23":"product_tag-same-as-vola-heated-towel-rail","24":"product_tag-white-heated-towel-rail","26":"first","27":"instock","28":"shipping-taxable","29":"purchasable","30":"product-type-variable"},"_links":{"self":[{"href":"https:\/\/apuvan.towelrackcn.com\/fr\/wp-json\/wp\/v2\/product\/1508","targetHints":{"allow":["GET"]}}],"collection":[{"href":"https:\/\/apuvan.towelrackcn.com\/fr\/wp-json\/wp\/v2\/product"}],"about":[{"href":"https:\/\/apuvan.towelrackcn.com\/fr\/wp-json\/wp\/v2\/types\/product"}],"replies":[{"embeddable":true,"href":"https:\/\/apuvan.towelrackcn.com\/fr\/wp-json\/wp\/v2\/comments?post=1508"}],"version-history":[{"count":1,"href":"https:\/\/apuvan.towelrackcn.com\/fr\/wp-json\/wp\/v2\/product\/1508\/revisions"}],"predecessor-version":[{"id":3888,"href":"https:\/\/apuvan.towelrackcn.com\/fr\/wp-json\/wp\/v2\/product\/1508\/revisions\/3888"}],"wp:featuredmedia":[{"embeddable":true,"href":"https:\/\/apuvan.towelrackcn.com\/fr\/wp-json\/wp\/v2\/media\/1503"}],"wp:attachment":[{"href":"https:\/\/apuvan.towelrackcn.com\/fr\/wp-json\/wp\/v2\/media?parent=1508"}],"wp:term":[{"taxonomy":"product_brand","embeddable":true,"href":"https:\/\/apuvan.towelrackcn.com\/fr\/wp-json\/wp\/v2\/product_brand?post=1508"},{"taxonomy":"product_cat","embeddable":true,"href":"https:\/\/apuvan.towelrackcn.com\/fr\/wp-json\/wp\/v2\/product_cat?post=1508"},{"taxonomy":"product_tag","embeddable":true,"href":"https:\/\/apuvan.towelrackcn.com\/fr\/wp-json\/wp\/v2\/product_tag?post=1508"}],"curies":[{"name":"wp","href":"https:\/\/api.w.org\/{rel}","templated":true}]}}