{"id":1539,"date":"2024-12-12T11:26:03","date_gmt":"2024-12-12T03:26:03","guid":{"rendered":"https:\/?post_type=product&#038;p=1539"},"modified":"2025-09-02T09:51:28","modified_gmt":"2025-09-02T01:51:28","slug":"au202","status":"publish","type":"product","link":"https:\/\/apuvan.towelrackcn.com\/fr\/products\/au202\/","title":{"rendered":"AU202 Porte-serviettes chauffant UV \u00e0 faible encombrement | Tablette en c\u00e9ramique | Commande tactile intelligente | St\u00e9rilisation UV | Pour salle de bains compacte"},"content":{"rendered":"","protected":false},"excerpt":{"rendered":"<p>Taille\uff1aH350*L580*P190<br \/>\nPuissance\uff1a80W<\/p>","protected":false},"featured_media":1536,"comment_status":"open","ping_status":"closed","template":"","meta":[],"product_brand":[209],"product_cat":[27,69,75],"product_tag":[694,717,700,707,715],"class_list":{"0":"post-1539","1":"product","2":"type-product","3":"status-publish","4":"has-post-thumbnail","6":"product_brand-apuvan","7":"product_cat-all","8":"product_cat-heated-towel-rail","9":"product_cat-radiance-collection","10":"product_tag-heated-rack-for-small-bathroom","11":"product_tag-heated-towel-rack-for-ikea-bathrooms","12":"product_tag-plug-in-electric-towel-rack","13":"product_tag-wall-mounted-heated-towel-rail","14":"product_tag-white-heated-towel-rail","16":"first","17":"instock","18":"sale","19":"shipping-taxable","20":"purchasable","21":"product-type-variable"},"_links":{"self":[{"href":"https:\/\/apuvan.towelrackcn.com\/fr\/wp-json\/wp\/v2\/product\/1539","targetHints":{"allow":["GET"]}}],"collection":[{"href":"https:\/\/apuvan.towelrackcn.com\/fr\/wp-json\/wp\/v2\/product"}],"about":[{"href":"https:\/\/apuvan.towelrackcn.com\/fr\/wp-json\/wp\/v2\/types\/product"}],"replies":[{"embeddable":true,"href":"https:\/\/apuvan.towelrackcn.com\/fr\/wp-json\/wp\/v2\/comments?post=1539"}],"version-history":[{"count":1,"href":"https:\/\/apuvan.towelrackcn.com\/fr\/wp-json\/wp\/v2\/product\/1539\/revisions"}],"predecessor-version":[{"id":3885,"href":"https:\/\/apuvan.towelrackcn.com\/fr\/wp-json\/wp\/v2\/product\/1539\/revisions\/3885"}],"wp:featuredmedia":[{"embeddable":true,"href":"https:\/\/apuvan.towelrackcn.com\/fr\/wp-json\/wp\/v2\/media\/1536"}],"wp:attachment":[{"href":"https:\/\/apuvan.towelrackcn.com\/fr\/wp-json\/wp\/v2\/media?parent=1539"}],"wp:term":[{"taxonomy":"product_brand","embeddable":true,"href":"https:\/\/apuvan.towelrackcn.com\/fr\/wp-json\/wp\/v2\/product_brand?post=1539"},{"taxonomy":"product_cat","embeddable":true,"href":"https:\/\/apuvan.towelrackcn.com\/fr\/wp-json\/wp\/v2\/product_cat?post=1539"},{"taxonomy":"product_tag","embeddable":true,"href":"https:\/\/apuvan.towelrackcn.com\/fr\/wp-json\/wp\/v2\/product_tag?post=1539"}],"curies":[{"name":"wp","href":"https:\/\/api.w.org\/{rel}","templated":true}]}}