{"id":1541,"date":"2024-12-12T11:28:05","date_gmt":"2024-12-12T03:28:05","guid":{"rendered":"https:\/?post_type=product&#038;p=1541"},"modified":"2025-11-13T15:23:59","modified_gmt":"2025-11-13T07:23:59","slug":"ab362","status":"publish","type":"product","link":"https:\/\/apuvan.towelrackcn.com\/fr\/products\/ab362\/","title":{"rendered":"AB362 Hansgrohe Chrome Heated Towel Rack | Carbon Fiber Heating | Constant Temp | For Drying Bath Towels And Bathrobes"},"content":{"rendered":"","protected":false},"excerpt":{"rendered":"<p>Ce porte-serviettes chauffant en acier inoxydable 304 de premi\u00e8re qualit\u00e9 pr\u00e9sente une finition \u00e9l\u00e9gante en chrome ou en nickel bross\u00e9, con\u00e7ue pour s'int\u00e9grer parfaitement aux accessoires de salle de bains haut de gamme (par exemple, les produits Hansgrohe) pour une esth\u00e9tique coh\u00e9rente. Le syst\u00e8me de chauffage en fibre de carbone garantit des performances \u00e9nerg\u00e9tiques efficaces, en maintenant une temp\u00e9rature constante de 55\u00b0C (131\u00b0F) pour un s\u00e9chage rapide des serviettes et une l\u00e9g\u00e8re r\u00e9tention de la chaleur. Sa tablette de s\u00e9chage surdimensionn\u00e9e offre un large espace pour les serviettes, les peignoirs ou les v\u00eatements d\u00e9licats, alliant praticit\u00e9 et design moderne. Fonctionnant \u00e0 l'aide d'un panneau tactile intuitif, il offre un contr\u00f4le de la temp\u00e9rature par simple pression d'une touche et est conforme aux normes de s\u00e9curit\u00e9 IPX4 pour les environnements humides. La construction en acier inoxydable 304 anticorrosion garantit la durabilit\u00e9 dans les environnements \u00e0 forte humidit\u00e9, tandis que les supports muraux r\u00e9glables facilitent l'installation.<\/p>\n<p>Taille\uff1aH1180*L600*P120<br \/>\nPuissance\uff1a115W<\/p>","protected":false},"featured_media":1542,"comment_status":"open","ping_status":"closed","template":"","meta":[],"product_brand":[209],"product_cat":[27,76,69],"product_tag":[720,703,688,713,722,711,692,697],"class_list":{"0":"post-1541","1":"product","2":"type-product","3":"status-publish","4":"has-post-thumbnail","6":"product_brand-apuvan","7":"product_cat-all","8":"product_cat-gleam-collection","9":"product_cat-heated-towel-rail","10":"product_tag-brushed-nickel-towel-rail","11":"product_tag-chrome-heated-towel-rail","12":"product_tag-commercial-towel-heater","13":"product_tag-heated-clothes-rack","14":"product_tag-heated-towel-radiators","15":"product_tag-heated-towel-rails-uk","16":"product_tag-hotel-heating-towel-rail","17":"product_tag-narrow-heated-towel-rack","19":"first","20":"outofstock","21":"shipping-taxable","22":"purchasable","23":"product-type-variable"},"_links":{"self":[{"href":"https:\/\/apuvan.towelrackcn.com\/fr\/wp-json\/wp\/v2\/product\/1541","targetHints":{"allow":["GET"]}}],"collection":[{"href":"https:\/\/apuvan.towelrackcn.com\/fr\/wp-json\/wp\/v2\/product"}],"about":[{"href":"https:\/\/apuvan.towelrackcn.com\/fr\/wp-json\/wp\/v2\/types\/product"}],"replies":[{"embeddable":true,"href":"https:\/\/apuvan.towelrackcn.com\/fr\/wp-json\/wp\/v2\/comments?post=1541"}],"version-history":[{"count":1,"href":"https:\/\/apuvan.towelrackcn.com\/fr\/wp-json\/wp\/v2\/product\/1541\/revisions"}],"predecessor-version":[{"id":3907,"href":"https:\/\/apuvan.towelrackcn.com\/fr\/wp-json\/wp\/v2\/product\/1541\/revisions\/3907"}],"wp:featuredmedia":[{"embeddable":true,"href":"https:\/\/apuvan.towelrackcn.com\/fr\/wp-json\/wp\/v2\/media\/1542"}],"wp:attachment":[{"href":"https:\/\/apuvan.towelrackcn.com\/fr\/wp-json\/wp\/v2\/media?parent=1541"}],"wp:term":[{"taxonomy":"product_brand","embeddable":true,"href":"https:\/\/apuvan.towelrackcn.com\/fr\/wp-json\/wp\/v2\/product_brand?post=1541"},{"taxonomy":"product_cat","embeddable":true,"href":"https:\/\/apuvan.towelrackcn.com\/fr\/wp-json\/wp\/v2\/product_cat?post=1541"},{"taxonomy":"product_tag","embeddable":true,"href":"https:\/\/apuvan.towelrackcn.com\/fr\/wp-json\/wp\/v2\/product_tag?post=1541"}],"curies":[{"name":"wp","href":"https:\/\/api.w.org\/{rel}","templated":true}]}}