{"id":1559,"date":"2024-12-12T13:43:49","date_gmt":"2024-12-12T05:43:49","guid":{"rendered":"https:\/?post_type=product&#038;p=1559"},"modified":"2025-11-12T15:47:41","modified_gmt":"2025-11-12T07:47:41","slug":"ab322","status":"publish","type":"product","link":"https:\/\/apuvan.towelrackcn.com\/fr\/products\/ab322\/","title":{"rendered":"AB322 Porte-serviettes chauffant avec \u00e9tag\u00e8re | Porte-serviettes \u00e9lectrique | Acier inoxydable 304 | Fibre de carbone chauffante | Montage mural | Commande intelligente | Noir | Blanc"},"content":{"rendered":"","protected":false},"excerpt":{"rendered":"<p>Taille\uff1aH680*L520*D230<br \/>\nPuissance\uff1a125W<\/p>","protected":false},"featured_media":1560,"comment_status":"open","ping_status":"closed","template":"","meta":[],"product_brand":[209],"product_cat":[27,76,69],"product_tag":[713,692,710,715],"class_list":{"0":"post-1559","1":"product","2":"type-product","3":"status-publish","4":"has-post-thumbnail","6":"product_brand-apuvan","7":"product_cat-all","8":"product_cat-gleam-collection","9":"product_cat-heated-towel-rail","10":"product_tag-heated-clothes-rack","11":"product_tag-hotel-heating-towel-rail","12":"product_tag-kohler-heated-towel-rack-for-bathroom","13":"product_tag-white-heated-towel-rail","15":"first","16":"outofstock","17":"shipping-taxable","18":"purchasable","19":"product-type-variable"},"_links":{"self":[{"href":"https:\/\/apuvan.towelrackcn.com\/fr\/wp-json\/wp\/v2\/product\/1559","targetHints":{"allow":["GET"]}}],"collection":[{"href":"https:\/\/apuvan.towelrackcn.com\/fr\/wp-json\/wp\/v2\/product"}],"about":[{"href":"https:\/\/apuvan.towelrackcn.com\/fr\/wp-json\/wp\/v2\/types\/product"}],"replies":[{"embeddable":true,"href":"https:\/\/apuvan.towelrackcn.com\/fr\/wp-json\/wp\/v2\/comments?post=1559"}],"version-history":[{"count":1,"href":"https:\/\/apuvan.towelrackcn.com\/fr\/wp-json\/wp\/v2\/product\/1559\/revisions"}],"predecessor-version":[{"id":3881,"href":"https:\/\/apuvan.towelrackcn.com\/fr\/wp-json\/wp\/v2\/product\/1559\/revisions\/3881"}],"wp:featuredmedia":[{"embeddable":true,"href":"https:\/\/apuvan.towelrackcn.com\/fr\/wp-json\/wp\/v2\/media\/1560"}],"wp:attachment":[{"href":"https:\/\/apuvan.towelrackcn.com\/fr\/wp-json\/wp\/v2\/media?parent=1559"}],"wp:term":[{"taxonomy":"product_brand","embeddable":true,"href":"https:\/\/apuvan.towelrackcn.com\/fr\/wp-json\/wp\/v2\/product_brand?post=1559"},{"taxonomy":"product_cat","embeddable":true,"href":"https:\/\/apuvan.towelrackcn.com\/fr\/wp-json\/wp\/v2\/product_cat?post=1559"},{"taxonomy":"product_tag","embeddable":true,"href":"https:\/\/apuvan.towelrackcn.com\/fr\/wp-json\/wp\/v2\/product_tag?post=1559"}],"curies":[{"name":"wp","href":"https:\/\/api.w.org\/{rel}","templated":true}]}}