{"id":2221,"date":"2024-12-16T17:50:51","date_gmt":"2024-12-16T09:50:51","guid":{"rendered":"https:\/?post_type=product&#038;p=2221"},"modified":"2025-11-13T15:23:30","modified_gmt":"2025-11-13T07:23:30","slug":"ab326","status":"publish","type":"product","link":"https:\/\/apuvan.towelrackcn.com\/fr\/products\/ab326\/","title":{"rendered":"AB326 Porte-serviettes chauffant rouge de luxe en fibre de carbone et en acier inoxydable 304 pour les salles de bains d'h\u00f4tels et de villas"},"content":{"rendered":"","protected":false},"excerpt":{"rendered":"<p>Ce porte-serviettes chauffant unique pr\u00e9sente un m\u00e9lange embl\u00e9matique de rouge chinois et de gris gunmetal bross\u00e9. Il est fabriqu\u00e9 en acier inoxydable 304 gr\u00e2ce \u00e0 un pliage de pr\u00e9cision et \u00e0 un processus de fabrication courb\u00e9, un processus de fabrication tr\u00e8s complexe qui incarne une sophistication technologique avanc\u00e9e et qui est devenu l'un des pr\u00e9f\u00e9r\u00e9s des designers. Le porte-serviettes chauffant est l'incarnation m\u00eame du luxe. Il est id\u00e9al pour les grandes villas et les salles de bains d'h\u00f4tels. \u00c9quip\u00e9 d'une technologie de chauffage en fibre de carbone, il permet un contr\u00f4le intelligent de la temp\u00e9rature et de la dur\u00e9e pour une int\u00e9gration transparente dans les syst\u00e8mes de vie intelligents modernes.<\/p>\n<p>Taille\uff1aH1500*L500<br \/>\nPuissance\uff1a150W<\/p>","protected":false},"featured_media":2222,"comment_status":"open","ping_status":"closed","template":"","meta":[],"product_brand":[209],"product_cat":[27,73,69],"product_tag":[693,689,157,210,175],"class_list":{"0":"post-2221","1":"product","2":"type-product","3":"status-publish","4":"has-post-thumbnail","6":"product_brand-apuvan","7":"product_cat-all","8":"product_cat-flame-collection","9":"product_cat-heated-towel-rail","10":"product_tag-best-heated-towel-rail","11":"product_tag-designer-bathroom-rail","12":"product_tag-high-end","13":"product_tag-luxury-heated-towel-rail","14":"product_tag-new-products","16":"first","17":"outofstock","18":"sale","19":"shipping-taxable","20":"purchasable","21":"product-type-variable"},"_links":{"self":[{"href":"https:\/\/apuvan.towelrackcn.com\/fr\/wp-json\/wp\/v2\/product\/2221","targetHints":{"allow":["GET"]}}],"collection":[{"href":"https:\/\/apuvan.towelrackcn.com\/fr\/wp-json\/wp\/v2\/product"}],"about":[{"href":"https:\/\/apuvan.towelrackcn.com\/fr\/wp-json\/wp\/v2\/types\/product"}],"replies":[{"embeddable":true,"href":"https:\/\/apuvan.towelrackcn.com\/fr\/wp-json\/wp\/v2\/comments?post=2221"}],"version-history":[{"count":1,"href":"https:\/\/apuvan.towelrackcn.com\/fr\/wp-json\/wp\/v2\/product\/2221\/revisions"}],"predecessor-version":[{"id":3928,"href":"https:\/\/apuvan.towelrackcn.com\/fr\/wp-json\/wp\/v2\/product\/2221\/revisions\/3928"}],"wp:featuredmedia":[{"embeddable":true,"href":"https:\/\/apuvan.towelrackcn.com\/fr\/wp-json\/wp\/v2\/media\/2222"}],"wp:attachment":[{"href":"https:\/\/apuvan.towelrackcn.com\/fr\/wp-json\/wp\/v2\/media?parent=2221"}],"wp:term":[{"taxonomy":"product_brand","embeddable":true,"href":"https:\/\/apuvan.towelrackcn.com\/fr\/wp-json\/wp\/v2\/product_brand?post=2221"},{"taxonomy":"product_cat","embeddable":true,"href":"https:\/\/apuvan.towelrackcn.com\/fr\/wp-json\/wp\/v2\/product_cat?post=2221"},{"taxonomy":"product_tag","embeddable":true,"href":"https:\/\/apuvan.towelrackcn.com\/fr\/wp-json\/wp\/v2\/product_tag?post=2221"}],"curies":[{"name":"wp","href":"https:\/\/api.w.org\/{rel}","templated":true}]}}