{"id":31,"date":"2023-04-20T11:47:35","date_gmt":"2023-04-20T11:47:35","guid":{"rendered":"https:\/\/dummy.xtemos.com\/woodmart2\/furniture2-elementor\/?page_id=31"},"modified":"2025-04-22T11:40:05","modified_gmt":"2025-04-22T03:40:05","slug":"about-us","status":"publish","type":"page","link":"https:\/\/apuvan.towelrackcn.com\/it\/chi-siamo\/","title":{"rendered":"Chi siamo"},"content":{"rendered":"<div data-elementor-type=\"wp-page\" data-elementor-id=\"31\" class=\"elementor elementor-31\">\n\t\t\t\t<div class=\"wd-negative-gap elementor-element elementor-element-331e15e e-grid e-con-boxed e-con e-parent\" data-id=\"331e15e\" data-element_type=\"container\" data-e-type=\"container\">\n\t\t\t\t\t<div class=\"e-con-inner\">\n\t\t\t\t<div class=\"elementor-element elementor-element-65d9623 wd-width-100 elementor-widget elementor-widget-wd_title\" data-id=\"65d9623\" data-element_type=\"widget\" data-e-type=\"widget\" data-widget_type=\"wd_title.default\">\n\t\t\t\t<div class=\"elementor-widget-container\">\n\t\t\t\t\t\t\t<div class=\"title-wrapper wd-set-mb reset-last-child wd-title-color-default wd-title-style-default wd-title-size-default text-left\">\n\n\t\t\t\n\t\t\t<div class=\"liner-continer\">\n\t\t\t\t<h4 class=\"woodmart-title-container title wd-fontsize-l\">Informazioni su APUVAN<\/h4> \n\t\t\t\t\t\t\t<\/div>\n\n\t\t\t\t\t\t\t<div class=\"title-after_title reset-last-child wd-fontsize-xs\">\n\t\t\t\t\t<p>Apuvan \u00e8 un produttore professionale di articoli sanitari che integra sviluppo, produzione, vendita e assistenza. Lavoriamo con un'unica missione: \"Riscaldare la vita con la scienza e la tecnologia\". <a href=\"https:\/\/apuvan.towelrackcn.com\/it\/guida-ai-portasciugamani-riscaldati\/\">tecnologia<\/a>.\" Ci ostiniamo a vivere secondo le idee di qualit\u00e0, salute, intelligenza, spirito di onest\u00e0, efficienza e innovazione. Ci impegniamo a costruire il marchio leader del settore e a portare attenzione e calore a tutti i nostri clienti.<br \/>L'innovazione e la concezione dei prodotti Apuvan tengono conto del clima di diverse regioni e di diversi scenari. Utilizzando la sua tecnologia all'avanguardia e la sua capacit\u00e0 di produzione, Apuvan fornisce continuamente scaldasalviette elettrici confortevoli, sani, sicuri ed estetici per i consumatori.<br \/>Dalla fondazione di Apuvan e dal lancio del nostro scaldasalviette elettrico, il nostro marchio e i nostri prodotti sono cresciuti rapidamente e ora sono ampiamente riconosciuti dai clienti sia a livello nazionale che all'estero, ottenendo risultati notevoli.<br \/>Apuvan promuover\u00e0 costantemente lo sviluppo di alta qualit\u00e0 con l'innovazione, manterr\u00e0 la guida dello sviluppo del settore, lo promuover\u00e0 a livello globale, migliorando la qualit\u00e0 della vita dei nostri consumatori in tutto il mondo.<\/p>\t\t\t\t<\/div>\n\t\t\t\t\t<\/div>\n\t\t\t\t\t\t<\/div>\n\t\t\t\t<\/div>\n\t\t\t\t<div class=\"elementor-element elementor-element-4a486e5 elementor-widget elementor-widget-image\" data-id=\"4a486e5\" data-element_type=\"widget\" data-e-type=\"widget\" data-widget_type=\"image.default\">\n\t\t\t\t<div class=\"elementor-widget-container\">\n\t\t\t\t\t\t\t\t\t\t\t\t\t\t\t<img fetchpriority=\"high\" decoding=\"async\" width=\"1024\" height=\"906\" src=\"https:\/\/apuvan.towelrackcn.com\/wp-content\/uploads\/replace\/12cf50b6f16c50f1b5df56b7081e739d.jpeg\" class=\"attachment-large size-large wp-image-1913\" alt=\"\" title=\"\">\t\t\t\t\t\t\t\t\t\t\t\t\t\t\t<\/div>\n\t\t\t\t<\/div>\n\t\t\t\t<div class=\"elementor-element elementor-element-3c569ea elementor-widget elementor-widget-image\" data-id=\"3c569ea\" data-element_type=\"widget\" data-e-type=\"widget\" data-widget_type=\"image.default\">\n\t\t\t\t<div class=\"elementor-widget-container\">\n\t\t\t\t\t\t\t\t\t\t\t\t\t\t\t<img decoding=\"async\" width=\"1024\" height=\"906\" src=\"https:\/\/apuvan.towelrackcn.com\/wp-content\/uploads\/2024\/12\/APUVAN-BANNER-5-1024x906.webp\" class=\"attachment-large size-large wp-image-1699\" alt=\"\" srcset=\"https:\/\/apuvan.towelrackcn.com\/wp-content\/uploads\/2024\/12\/APUVAN-BANNER-5-1024x906.webp 1024w, https:\/\/apuvan.towelrackcn.com\/wp-content\/uploads\/2024\/12\/APUVAN-BANNER-5-300x266.webp 300w, https:\/\/apuvan.towelrackcn.com\/wp-content\/uploads\/2024\/12\/APUVAN-BANNER-5-768x680.webp 768w, https:\/\/apuvan.towelrackcn.com\/wp-content\/uploads\/2024\/12\/APUVAN-BANNER-5-1200x1062.webp 1200w, https:\/\/apuvan.towelrackcn.com\/wp-content\/uploads\/2024\/12\/APUVAN-BANNER-5-150x133.webp 150w, https:\/\/apuvan.towelrackcn.com\/wp-content\/uploads\/2024\/12\/APUVAN-BANNER-5.webp 1366w\" sizes=\"(max-width: 1024px) 100vw, 1024px\" title=\"\">\t\t\t\t\t\t\t\t\t\t\t\t\t\t\t<\/div>\n\t\t\t\t<\/div>\n\t\t\t\t<div class=\"elementor-element elementor-element-cb1d766 wd-width-100 elementor-widget elementor-widget-wd_title\" data-id=\"cb1d766\" data-element_type=\"widget\" data-e-type=\"widget\" data-widget_type=\"wd_title.default\">\n\t\t\t\t<div class=\"elementor-widget-container\">\n\t\t\t\t\t\t\t<div class=\"title-wrapper wd-set-mb reset-last-child wd-title-color-default wd-title-style-default wd-title-size-default text-left\">\n\n\t\t\t\n\t\t\t<div class=\"liner-continer\">\n\t\t\t\t<h4 class=\"woodmart-title-container title wd-fontsize-l\">PORTASCIUGAMANI RISCALDATO APUVAN<\/h4> \n\t\t\t\t\t\t\t<\/div>\n\n\t\t\t\t\t\t\t<div class=\"title-after_title reset-last-child wd-fontsize-xs\">\n\t\t\t\t\t<p>Centro di produzione:<br>Jiangmen, Guangdong, Cina<\/p><p>Centro marketing: <br>Foshan, Guangdong, Cina<\/p><p>Telefono\/WhatsAPP:<br>+86 13534453515<\/p><p>E-mail:<br><a href=\"mailto:apuvan.china@gmail.com\">apuvan.china@gmail.com<\/a><\/p>\t\t\t\t<\/div>\n\t\t\t\t\t<\/div>\n\t\t\t\t\t\t<\/div>\n\t\t\t\t<\/div>\n\t\t\t\t\t<\/div>\n\t\t\t\t<\/div>\n\t\t\t\t<\/div>","protected":false},"excerpt":{"rendered":"<p>About APUVAN Apuvan is a professional manufacturer of sanitary-ware products that integrate development, production, sales and service. We work under<\/p>","protected":false},"author":1,"featured_media":2690,"parent":0,"menu_order":0,"comment_status":"closed","ping_status":"closed","template":"","meta":{"footnotes":""},"class_list":["post-31","page","type-page","status-publish","has-post-thumbnail","hentry"],"_links":{"self":[{"href":"https:\/\/apuvan.towelrackcn.com\/it\/wp-json\/wp\/v2\/pages\/31","targetHints":{"allow":["GET"]}}],"collection":[{"href":"https:\/\/apuvan.towelrackcn.com\/it\/wp-json\/wp\/v2\/pages"}],"about":[{"href":"https:\/\/apuvan.towelrackcn.com\/it\/wp-json\/wp\/v2\/types\/page"}],"author":[{"embeddable":true,"href":"https:\/\/apuvan.towelrackcn.com\/it\/wp-json\/wp\/v2\/users\/1"}],"replies":[{"embeddable":true,"href":"https:\/\/apuvan.towelrackcn.com\/it\/wp-json\/wp\/v2\/comments?post=31"}],"version-history":[{"count":0,"href":"https:\/\/apuvan.towelrackcn.com\/it\/wp-json\/wp\/v2\/pages\/31\/revisions"}],"wp:featuredmedia":[{"embeddable":true,"href":"https:\/\/apuvan.towelrackcn.com\/it\/wp-json\/wp\/v2\/media\/2690"}],"wp:attachment":[{"href":"https:\/\/apuvan.towelrackcn.com\/it\/wp-json\/wp\/v2\/media?parent=31"}],"curies":[{"name":"wp","href":"https:\/\/api.w.org\/{rel}","templated":true}]}}